{"id":1488,"date":"2022-03-04T03:42:59","date_gmt":"2022-03-04T06:42:59","guid":{"rendered":"http:\/\/hqsplus.com.br\/?page_id=1488"},"modified":"2022-09-22T14:32:40","modified_gmt":"2022-09-22T17:32:40","slug":"home","status":"publish","type":"page","link":"https:\/\/hqsplus.com.br\/","title":{"rendered":"Home"},"content":{"rendered":"\n<div id=\"sobre-nos\" class=\"wp-block-uagb-container uagb-block-3a632379 alignfull uagb-is-root-container\"><div class=\"uagb-container-inner-blocks-wrap\">\n<div class=\"wp-block-uagb-container uagb-block-51539f25\">\n<div class=\"wp-block-uagb-info-box uagb-block-70a73708 uagb-infobox__content-wrap  uagb-infobox-icon-above-title uagb-infobox-image-valign-top\"><div class=\"uagb-ifb-content\"><div class=\"uagb-ifb-title-wrap\"><span class=\"uagb-ifb-title-prefix\">Estamos nos reinventando &#8230;<\/span><h1 class=\"uagb-ifb-title\">30 anos de mercado<\/h1><\/div><p class=\"uagb-ifb-desc\">A 30 anos no mercado, nos reinventamos a todo momento para oferecer os melhores servi\u00e7os de consultoria em tecnologia da informa\u00e7\u00e3o para nossos clientes.<\/p><\/div><\/div>\n<\/div>\n\n\n\n<div class=\"wp-block-uagb-container uagb-block-520679ed\"><\/div>\n<\/div><\/div>\n\n\n\n<div id=\"servicos\" class=\"wp-block-uagb-container uagb-block-41b74f0f alignfull uagb-is-root-container\"><div class=\"uagb-container-inner-blocks-wrap\">\n<div class=\"wp-block-uagb-advanced-heading uagb-block-5304b216\"><h2 class=\"uagb-heading-text\">Como podemos te ajudar?\u200b<\/h2><p class=\"uagb-desc-text\">Nosso portif\u00f3lio de servi\u00e7os<\/p><\/div>\n\n\n\n<div class=\"wp-block-uagb-container uagb-block-72a1841a\">\n<div class=\"wp-block-uagb-container uagb-block-8866a3a8\">\n<div class=\"wp-block-uagb-info-box uagb-block-07e2f641 uagb-infobox__content-wrap  uagb-infobox-icon-above-title uagb-infobox-image-valign-top\"><div class=\"uagb-ifb-content\"><div class=\"uagb-ifb-icon-wrap\"><svg xmlns=\"https:\/\/www.w3.org\/2000\/svg\" viewBox=\"0 0 576 512\"><path d=\"M208 48C208 74.51 186.5 96 160 96C133.5 96 112 74.51 112 48C112 21.49 133.5 0 160 0C186.5 0 208 21.49 208 48zM152 352V480C152 497.7 137.7 512 120 512C102.3 512 88 497.7 88 480V256.9L59.43 304.5C50.33 319.6 30.67 324.5 15.52 315.4C.3696 306.3-4.531 286.7 4.573 271.5L62.85 174.6C80.2 145.7 111.4 128 145.1 128H174.9C208.6 128 239.8 145.7 257.2 174.6L302.1 249.3C285.1 266.9 273.4 287.7 265.5 310.8C263.6 308.9 261.1 306.8 260.6 304.5L232 256.9V480C232 497.7 217.7 512 200 512C182.3 512 168 497.7 168 480V352L152 352zM576 368C576 447.5 511.5 512 432 512C352.5 512 288 447.5 288 368C288 288.5 352.5 224 432 224C511.5 224 576 288.5 576 368zM476.7 324.7L416 385.4L387.3 356.7C381.1 350.4 370.9 350.4 364.7 356.7C358.4 362.9 358.4 373.1 364.7 379.3L404.7 419.3C410.9 425.6 421.1 425.6 427.3 419.3L499.3 347.3C505.6 341.1 505.6 330.9 499.3 324.7C493.1 318.4 482.9 318.4 476.7 324.7H476.7z\"><\/path><\/svg><\/div><div class=\"uagb-ifb-title-wrap\"><h4 class=\"uagb-ifb-title\"><strong>Sele\u00e7\u00e3o e aloca\u00e7\u00e3o de profissionais<\/strong><\/h4><\/div><p class=\"uagb-ifb-desc\">Processo de busca \u00e1gil, prepara\u00e7\u00e3o e aloca\u00e7\u00e3o de profissionais, acelerando o preenchimento das vagas solicitadas.<\/p><\/div><\/div>\n<\/div>\n\n\n\n<div class=\"wp-block-uagb-container uagb-block-1b2ebb03\">\n<div class=\"wp-block-uagb-info-box uagb-block-0d89dea3 uagb-infobox__content-wrap  uagb-infobox-icon-above-title uagb-infobox-image-valign-top\"><div class=\"uagb-ifb-content\"><div class=\"uagb-ifb-icon-wrap\"><svg xmlns=\"https:\/\/www.w3.org\/2000\/svg\" viewBox=\"0 0 640 512\"><path d=\"M414.8 40.79L286.8 488.8C281.9 505.8 264.2 515.6 247.2 510.8C230.2 505.9 220.4 488.2 225.2 471.2L353.2 23.21C358.1 6.216 375.8-3.624 392.8 1.232C409.8 6.087 419.6 23.8 414.8 40.79H414.8zM518.6 121.4L630.6 233.4C643.1 245.9 643.1 266.1 630.6 278.6L518.6 390.6C506.1 403.1 485.9 403.1 473.4 390.6C460.9 378.1 460.9 357.9 473.4 345.4L562.7 256L473.4 166.6C460.9 154.1 460.9 133.9 473.4 121.4C485.9 108.9 506.1 108.9 518.6 121.4V121.4zM166.6 166.6L77.25 256L166.6 345.4C179.1 357.9 179.1 378.1 166.6 390.6C154.1 403.1 133.9 403.1 121.4 390.6L9.372 278.6C-3.124 266.1-3.124 245.9 9.372 233.4L121.4 121.4C133.9 108.9 154.1 108.9 166.6 121.4C179.1 133.9 179.1 154.1 166.6 166.6V166.6z\"><\/path><\/svg><\/div><div class=\"uagb-ifb-title-wrap\"><h4 class=\"uagb-ifb-title\"><strong><strong>Suporte t\u00e9cnico e desenvolvimento de sistemas<\/strong><\/strong><\/h4><\/div><p class=\"uagb-ifb-desc\">Tenha um suporte t\u00e9cnico para seus sistemas de inform\u00e1tica de qualidade, focado, e com rapidez. Al\u00e9m do suporte, podemos realizar a manuten\u00e7\u00e3o evolutiva e sustenta\u00e7\u00e3o de seus sistemas por sermos uma f\u00e1brica de software.<\/p><\/div><\/div>\n<\/div>\n<\/div>\n\n\n\n<div class=\"wp-block-uagb-container uagb-block-82da67cc\">\n<div class=\"wp-block-uagb-container uagb-block-93d8768d\">\n<div class=\"wp-block-uagb-info-box uagb-block-466ebc4f uagb-infobox__content-wrap  uagb-infobox-icon-above-title uagb-infobox-image-valign-top\"><div class=\"uagb-ifb-content\"><div class=\"uagb-ifb-icon-wrap\"><svg xmlns=\"https:\/\/www.w3.org\/2000\/svg\" viewBox=\"0 0 576 512\"><path d=\"M512 32C547.3 32 576 60.65 576 96V128H0V96C0 60.65 28.65 32 64 32H512zM576 416C576 451.3 547.3 480 512 480H64C28.65 480 0 451.3 0 416V224H576V416zM112 352C103.2 352 96 359.2 96 368C96 376.8 103.2 384 112 384H176C184.8 384 192 376.8 192 368C192 359.2 184.8 352 176 352H112zM240 384H368C376.8 384 384 376.8 384 368C384 359.2 376.8 352 368 352H240C231.2 352 224 359.2 224 368C224 376.8 231.2 384 240 384z\"><\/path><\/svg><\/div><div class=\"uagb-ifb-title-wrap\"><h4 class=\"uagb-ifb-title\"><strong><strong>Consultoria de eCommerce\u200b<\/strong>\u200b<\/strong><\/h4><\/div><p class=\"uagb-ifb-desc\">Servi\u00e7o de aconselhamento customizado, pensado para potencializar as a\u00e7\u00f5es da sua loja virtual. Combinando an\u00e1lise do neg\u00f3cio, do mercado de atua\u00e7\u00e3o e das oportunidades na web, o consultor elabora solu\u00e7\u00f5es e orienta os gestores rumo \u00e0 tomada de decis\u00f5es assertivas.<\/p><\/div><\/div>\n<\/div>\n\n\n\n<div class=\"wp-block-uagb-container uagb-block-601362b1\">\n<div class=\"wp-block-uagb-info-box uagb-block-8c241052 uagb-infobox__content-wrap  uagb-infobox-icon-above-title uagb-infobox-image-valign-top\"><div class=\"uagb-ifb-content\"><div class=\"uagb-ifb-icon-wrap\"><svg xmlns=\"https:\/\/www.w3.org\/2000\/svg\" viewBox=\"0 0 576 512\"><path d=\"M0 80C0 53.49 21.49 32 48 32H144C170.5 32 192 53.49 192 80V96H384V80C384 53.49 405.5 32 432 32H528C554.5 32 576 53.49 576 80V176C576 202.5 554.5 224 528 224H432C405.5 224 384 202.5 384 176V160H192V176C192 177.7 191.9 179.4 191.7 180.1L272 288H368C394.5 288 416 309.5 416 336V432C416 458.5 394.5 480 368 480H272C245.5 480 224 458.5 224 432V336C224 334.3 224.1 332.6 224.3 331L144 224H48C21.49 224 0 202.5 0 176V80z\"><\/path><\/svg><\/div><div class=\"uagb-ifb-title-wrap\"><h4 class=\"uagb-ifb-title\"><strong><strong><strong>Consultoria de processos\u200b<\/strong>\u200b<\/strong><\/strong><\/h4><\/div><p class=\"uagb-ifb-desc\">Nossos profissionais experientes podem te ajudar a mapear e transformar os processos da sua empresa de forma \u00e1gil e assertiva.<\/p><\/div><\/div>\n<\/div>\n<\/div>\n<\/div><\/div>\n\n\n\n<div id=\"contato\" class=\"wp-block-uagb-container uagb-block-05b7da0a alignfull uagb-is-root-container\"><div class=\"uagb-container-inner-blocks-wrap\">\n<div class=\"wp-block-uagb-advanced-heading uagb-block-e16e719e\"><h2 class=\"uagb-heading-text\">Contato<\/h2><p class=\"uagb-desc-text\">Fale conosco<\/p><\/div>\n\n\n\n<div class=\"wp-block-uagb-container uagb-block-382275ad\">\n<div class=\"wp-block-uagb-container uagb-block-6024aad9\"><div class=\"wpforms-container \" id=\"wpforms-2399\"><form id=\"wpforms-form-2399\" class=\"wpforms-validate wpforms-form wpforms-ajax-form\" data-formid=\"2399\" method=\"post\" enctype=\"multipart\/form-data\" action=\"\/index.php?rest_route=%2Fwp%2Fv2%2Fpages%2F1488\" data-token=\"a7fcea518d2938c11e12146263b56465\"><noscript class=\"wpforms-error-noscript\">Ative o JavaScript no seu navegador para preencher este formul\u00e1rio.<\/noscript><div class=\"wpforms-field-container\"><div id=\"wpforms-2399-field_0-container\" class=\"wpforms-field wpforms-field-name\" data-field-id=\"0\"><label class=\"wpforms-field-label\" for=\"wpforms-2399-field_0\">Nome <span class=\"wpforms-required-label\">*<\/span><\/label><input type=\"text\" id=\"wpforms-2399-field_0\" class=\"wpforms-field-medium wpforms-field-required\" name=\"wpforms[fields][0]\" required><\/div><div id=\"wpforms-2399-field_1-container\" class=\"wpforms-field wpforms-field-email\" data-field-id=\"1\"><label class=\"wpforms-field-label\" for=\"wpforms-2399-field_1\">Email <span class=\"wpforms-required-label\">*<\/span><\/label><input type=\"email\" id=\"wpforms-2399-field_1\" class=\"wpforms-field-medium wpforms-field-required\" name=\"wpforms[fields][1]\" required><\/div><div id=\"wpforms-2399-field_2-container\" class=\"wpforms-field wpforms-field-textarea\" data-field-id=\"2\"><label class=\"wpforms-field-label\" for=\"wpforms-2399-field_2\">Mensagem <span class=\"wpforms-required-label\">*<\/span><\/label><textarea id=\"wpforms-2399-field_2\" class=\"wpforms-field-medium wpforms-field-required\" name=\"wpforms[fields][2]\" required><\/textarea><\/div><\/div><div class=\"wpforms-submit-container\"><input type=\"hidden\" name=\"wpforms[id]\" value=\"2399\"><input type=\"hidden\" name=\"wpforms[author]\" value=\"1\"><button type=\"submit\" name=\"wpforms[submit]\" id=\"wpforms-submit-2399\" class=\"wpforms-submit\" data-alt-text=\"Enviando...\" data-submit-text=\"Enviar\" aria-live=\"assertive\" value=\"wpforms-submit\">Enviar<\/button><img src=\"https:\/\/hqsplus.com.br\/wp-content\/plugins\/wpforms-lite\/assets\/images\/submit-spin.svg\" class=\"wpforms-submit-spinner\" style=\"display: none;\" width=\"26\" height=\"26\" alt=\"A Carregar\"><\/div><\/form><\/div>  <!-- .wpforms-container --><\/div>\n\n\n\n<div class=\"wp-block-uagb-container uagb-block-12515b14\">\n<div class=\"wp-block-uagb-google-map uagb-google-map__wrap uagb-block-5e165f34\"><iframe class=\"uagb-google-map__iframe\" title=\"Google Map for Avenida Paulista, 1471 \u2013 5\u00ba Andar\" src=\"https:\/\/www.google.com\/maps\/embed\/v1\/place?key=AIzaSyAsd_d46higiozY-zNqtr7zdA81Soswje4&amp;q=Avenida%20Paulista,%201471%20%E2%80%93%205%C2%BA%20Andar&amp;zoom=15&amp;language=pt\"><\/iframe><\/div>\n<\/div>\n\n\n\n<div class=\"wp-block-uagb-container uagb-block-354ede14\">\n<div class=\"wp-block-uagb-info-box uagb-block-70d42fa5 uagb-infobox__content-wrap  uagb-infobox-icon-above-title uagb-infobox-image-valign-top\"><div class=\"uagb-ifb-content\"><div class=\"uagb-ifb-title-wrap\"><\/div><p class=\"uagb-ifb-desc\">Avenida Paulista, 1471 \u2013 5\u00ba Andar<br>Jardim Paulista, S\u00e3o Paulo \u2013 SP<\/p><\/div><\/div>\n\n\n\n<div class=\"wp-block-uagb-info-box uagb-block-300e0030 uagb-infobox__content-wrap  uagb-infobox-icon-left-title uagb-infobox-left uagb-infobox-image-valign-middle\"><div class=\"uagb-ifb-content\"><div class=\"uagb-ifb-left-title-image\"><div class=\"uagb-ifb-icon-wrap\"><svg xmlns=\"https:\/\/www.w3.org\/2000\/svg\" viewBox=\"0 0 512 512\"><path d=\"M284.6 181.9c-10.28-8.344-25.41-6.875-33.75 3.406C242.4 195.6 243.9 210.7 254.2 219.1c11.31 9.25 17.81 22.69 17.81 36.87c0 14.19-6.5 27.62-17.81 36.87c-10.28 8.406-11.78 23.53-3.375 33.78c4.719 5.812 11.62 8.812 18.56 8.812c5.344 0 10.75-1.781 15.19-5.406c22.53-18.44 35.44-45.4 35.44-74.05S307.1 200.4 284.6 181.9zM345.1 107.1c-10.22-8.344-25.34-6.907-33.78 3.343c-8.406 10.25-6.906 25.37 3.344 33.78c33.88 27.78 53.31 68.18 53.31 110.9s-19.44 83.09-53.31 110.9c-10.25 8.406-11.75 23.53-3.344 33.78c4.75 5.781 11.62 8.781 18.56 8.781c5.375 0 10.75-1.781 15.22-5.438C390.2 367.1 416 313.1 416 255.1S390.2 144.9 345.1 107.1zM406.4 33.15c-10.22-8.344-25.34-6.875-33.78 3.344c-8.406 10.25-6.906 25.37 3.344 33.78C431.9 116.1 464 183.8 464 255.1s-32.09 139.9-88.06 185.7c-10.25 8.406-11.75 23.53-3.344 33.78c4.75 5.781 11.62 8.781 18.56 8.781c5.375 0 10.75-1.781 15.22-5.438C473.5 423.8 512 342.6 512 255.1S473.5 88.15 406.4 33.15zM151.3 174.6C161.1 175.6 172.1 169.5 176 159.6l33.75-84.38C214 64.35 209.1 51.1 200.2 45.86l-67.47-42.17C123.2-2.289 110.9-.8945 102.9 7.08C-34.32 144.3-34.31 367.7 102.9 504.9c7.982 7.984 20.22 9.379 29.75 3.402l67.48-42.19c9.775-6.104 13.9-18.47 9.598-29.3L176 352.5c-3.945-9.963-14.14-16.11-24.73-14.97l-53.24 5.314C78.89 286.7 78.89 225.4 98.06 169.3L151.3 174.6z\"><\/path><\/svg><\/div><div class=\"uagb-ifb-title-wrap\"><span class=\"uagb-ifb-title-prefix\">+55 11 5199-9852<\/span><\/div><\/div><\/div><\/div>\n\n\n\n<div class=\"wp-block-uagb-info-box uagb-block-19426e40 uagb-infobox__content-wrap  uagb-infobox-icon-left-title uagb-infobox-left uagb-infobox-image-valign-middle\"><div class=\"uagb-ifb-content\"><div class=\"uagb-ifb-left-title-image\"><div class=\"uagb-ifb-icon-wrap\"><svg xmlns=\"https:\/\/www.w3.org\/2000\/svg\" viewBox=\"0 0 512 512\"><path d=\"M464 64C490.5 64 512 85.49 512 112C512 127.1 504.9 141.3 492.8 150.4L275.2 313.6C263.8 322.1 248.2 322.1 236.8 313.6L19.2 150.4C7.113 141.3 0 127.1 0 112C0 85.49 21.49 64 48 64H464zM217.6 339.2C240.4 356.3 271.6 356.3 294.4 339.2L512 176V384C512 419.3 483.3 448 448 448H64C28.65 448 0 419.3 0 384V176L217.6 339.2z\"><\/path><\/svg><\/div><div class=\"uagb-ifb-title-wrap\"><span class=\"uagb-ifb-title-prefix\">info@hqsplus.com.br<\/span><\/div><\/div><\/div><\/div>\n<\/div>\n<\/div>\n<\/div><\/div>\n\n\n\n<div id=\"trabalhe-conosco\" class=\"wp-block-uagb-container uagb-block-54db1093 alignfull uagb-is-root-container\"><div class=\"uagb-container-inner-blocks-wrap\">\n<div class=\"wp-block-uagb-advanced-heading uagb-block-e26b97a1\"><h2 class=\"uagb-heading-text\">Trabalhe conosco<\/h2><p class=\"uagb-desc-text\">Vagas<\/p><\/div>\n\n\n\n<div class=\"wp-block-uagb-container uagb-block-f3fdcde6\">\n<div class=\"wp-block-uagb-container uagb-block-3b45a810\">\n<div class=\"wp-block-uagb-info-box uagb-block-5f12015e uagb-infobox__content-wrap  uagb-infobox-icon-above-title uagb-infobox-image-valign-top\"><div class=\"uagb-ifb-content\"><div class=\"uagb-ifb-icon-wrap\"><svg xmlns=\"https:\/\/www.w3.org\/2000\/svg\" viewBox=\"0 0 576 512\"><path d=\"M381.2 150.3L524.9 171.5C536.8 173.2 546.8 181.6 550.6 193.1C554.4 204.7 551.3 217.3 542.7 225.9L438.5 328.1L463.1 474.7C465.1 486.7 460.2 498.9 450.2 506C440.3 513.1 427.2 514 416.5 508.3L288.1 439.8L159.8 508.3C149 514 135.9 513.1 126 506C116.1 498.9 111.1 486.7 113.2 474.7L137.8 328.1L33.58 225.9C24.97 217.3 21.91 204.7 25.69 193.1C29.46 181.6 39.43 173.2 51.42 171.5L195 150.3L259.4 17.97C264.7 6.954 275.9-.0391 288.1-.0391C300.4-.0391 311.6 6.954 316.9 17.97L381.2 150.3z\"><\/path><\/svg><\/div><div class=\"uagb-ifb-title-wrap\"><h4 class=\"uagb-ifb-title\">Em breve &#8230;<\/h4><\/div><p class=\"uagb-ifb-desc\">Estaremos buscando um novo talento.<\/p><\/div><\/div>\n<\/div>\n<\/div>\n\n\n\n<div class=\"wp-block-uagb-container uagb-block-994cdbd8\">\n<div class=\"wp-block-uagb-advanced-heading uagb-block-f9690bba\"><p class=\"uagb-heading-text\">Envie curr\u00edculo para <a href=\"mailto:rh@hqsplus.com.br\">rh@hqsplus.com.br<\/a><\/p><\/div>\n<\/div>\n<\/div><\/div>\n","protected":false},"excerpt":{"rendered":"","protected":false},"author":1,"featured_media":0,"parent":0,"menu_order":0,"comment_status":"closed","ping_status":"closed","template":"","meta":{"om_disable_all_campaigns":false,"_monsterinsights_skip_tracking":false,"_monsterinsights_sitenote_active":false,"_monsterinsights_sitenote_note":"","_monsterinsights_sitenote_category":0,"site-sidebar-layout":"no-sidebar","site-content-layout":"page-builder","ast-global-header-display":"","ast-main-header-display":"","ast-hfb-above-header-display":"","ast-hfb-below-header-display":"","ast-hfb-mobile-header-display":"","site-post-title":"disabled","ast-breadcrumbs-content":"","ast-featured-img":"disabled","footer-sml-layout":"","theme-transparent-header-meta":"enabled","adv-header-id-meta":"","stick-header-meta":"","header-above-stick-meta":"","header-main-stick-meta":"","header-below-stick-meta":""},"aioseo_notices":[],"uagb_featured_image_src":{"full":false,"thumbnail":false,"medium":false,"medium_large":false,"large":false,"1536x1536":false,"2048x2048":false},"uagb_author_info":{"display_name":"brbug01@gmail.com","author_link":"https:\/\/hqsplus.com.br\/?author=1"},"uagb_comment_info":0,"uagb_excerpt":null,"_links":{"self":[{"href":"https:\/\/hqsplus.com.br\/index.php?rest_route=\/wp\/v2\/pages\/1488"}],"collection":[{"href":"https:\/\/hqsplus.com.br\/index.php?rest_route=\/wp\/v2\/pages"}],"about":[{"href":"https:\/\/hqsplus.com.br\/index.php?rest_route=\/wp\/v2\/types\/page"}],"author":[{"embeddable":true,"href":"https:\/\/hqsplus.com.br\/index.php?rest_route=\/wp\/v2\/users\/1"}],"replies":[{"embeddable":true,"href":"https:\/\/hqsplus.com.br\/index.php?rest_route=%2Fwp%2Fv2%2Fcomments&post=1488"}],"version-history":[{"count":21,"href":"https:\/\/hqsplus.com.br\/index.php?rest_route=\/wp\/v2\/pages\/1488\/revisions"}],"predecessor-version":[{"id":2433,"href":"https:\/\/hqsplus.com.br\/index.php?rest_route=\/wp\/v2\/pages\/1488\/revisions\/2433"}],"wp:attachment":[{"href":"https:\/\/hqsplus.com.br\/index.php?rest_route=%2Fwp%2Fv2%2Fmedia&parent=1488"}],"curies":[{"name":"wp","href":"https:\/\/api.w.org\/{rel}","templated":true}]}}